{"id":234,"date":"2021-02-25T14:48:19","date_gmt":"2021-02-25T13:48:19","guid":{"rendered":"https:\/\/dataflocage.com\/?page_id=234"},"modified":"2021-02-25T14:58:37","modified_gmt":"2021-02-25T13:58:37","slug":"flocage-anti-condensation","status":"publish","type":"page","link":"https:\/\/dataflocage.com\/index.php\/flocage-anti-condensation\/","title":{"rendered":"Flocage Anti-Condensation"},"content":{"rendered":"<p>[et_pb_section fb_built=&#8221;1&#8243; _builder_version=&#8221;4.9.0&#8243; _module_preset=&#8221;default&#8221; custom_padding=&#8221;27px||0px|||&#8221;][et_pb_row _builder_version=&#8221;4.9.0&#8243; _module_preset=&#8221;default&#8221; column_structure=&#8221;1_2,1_2&#8243; custom_padding=&#8221;1px|||||&#8221;][et_pb_column _builder_version=&#8221;4.9.0&#8243; _module_preset=&#8221;default&#8221; type=&#8221;1_2&#8243;][et_pb_text _builder_version=&#8221;4.9.0&#8243; _module_preset=&#8221;default&#8221; header_2_font=&#8221;Roboto||||||||&#8221; header_2_text_color=&#8221;#1c65af&#8221; text_font=&#8221;Poppins|300|||||||&#8221; hover_enabled=&#8221;0&#8243; sticky_enabled=&#8221;0&#8243; custom_margin=&#8221;77px|||||&#8221;]<\/p>\n<h2>Flocage Anti-Condensation<\/h2>\n<p>La condensation est le nom donn\u00e9 au ph\u00e9nom\u00e8ne physique de changement d\u2019\u00e9tat de la mati\u00e8re d\u2019un \u00e9tat gazeux \u00e0 un \u00e9tat condens\u00e9 (solide ou liquide).<br \/> Souvent des signes d\u2019humidit\u00e9 apparaissent sur certains murs caus\u00e9s par des condensations.<\/p>\n<p>[\/et_pb_text][et_pb_toggle title=&#8221;SAVOIR PLUS&#8221; _builder_version=&#8221;4.9.0&#8243; _module_preset=&#8221;default&#8221; icon_color=&#8221;#1c65af&#8221; hover_enabled=&#8221;0&#8243; sticky_enabled=&#8221;0&#8243;]<\/p>\n<p>Le ph\u00e9nom\u00e8ne s\u2019est amplifi\u00e9 avec l\u2019\u00e9l\u00e9vation du co\u00fbt du chauffage qui conduit d\u2019une part \u00e0 l\u2019installation de vitrages isolants, de ventilations inappropri\u00e9es, bouch\u00e9es ou inexistantes et parfois de chauffage d\u2019appoint sans \u00e9vacuation (po\u00eales \u00e0 gaz ou \u00e0 p\u00e9trole sans odeur, notamment) qui sont de gros producteurs de vapeur d\u2019eau. \u00c0 chaque baisse de temp\u00e9rature dans le logement, l\u2019exc\u00e8s d\u2019eau dans l\u2019air se d\u00e9pose toujours aux endroits les plus froids, cr\u00e9ant ainsi une zone favorable aux d\u00e9veloppement des moisissures. Pour r\u00e9gler ce probl\u00e8me il faut chauffer (pour augmenter la capacit\u00e9 en eau de l\u2019air), isoler (pour augmenter la temp\u00e9rature des points froids) et ventiler (pour \u00e9vacuer l\u2019air humide) l\u2019habitation.<br \/> On remarque que les moisissures apparaissent le plus souvent dans les angles de mur et \u00e0 la jonction plancher\/mur. Ce ph\u00e9nom\u00e8ne est d\u00fb aux ponts thermiques. Un pont thermique est une zone ponctuelle ou lin\u00e9aire qui, dans l\u2019enveloppe d\u2019un b\u00e2timent, pr\u00e9sente une variation de r\u00e9sistance thermique. Il s\u2019agit d\u2019un point de la construction o\u00f9 la barri\u00e8re isolante est rompue. \u00c0 cause de cette rupture de l\u2019isolant, la temp\u00e9rature \u00e0 la surface du plancher est tr\u00e8s inf\u00e9rieure \u00e0 celle de l\u2019air ambiant. C\u2019est cette diff\u00e9rence de temp\u00e9rature qui cr\u00e9e de la condensation et des moisissures. Pour rem\u00e9dier \u00e0 ce probl\u00e8me, la solution est la mise en \u0153uvre de rupteurs de pont thermique. Le rupteur de pont thermique est un dispositif structurel permettant d\u2019offrir une compl\u00e8te isolation \u00e0 une structure. Il est compos\u00e9 d\u2019un boitier isolant et de barres en acier qui reprennent les sollicitations de la structure. Il permet de garder une temp\u00e9rature de surface de plancher assez \u00e9lev\u00e9e et \u00e9vite ainsi le ph\u00e9nom\u00e8ne de condensation et de moisissures.<\/p>\n<p>[\/et_pb_toggle][\/et_pb_column][et_pb_column _builder_version=&#8221;4.9.0&#8243; _module_preset=&#8221;default&#8221; type=&#8221;1_2&#8243;][et_pb_image src=&#8221;https:\/\/dataflocage.com\/wp-content\/uploads\/2021\/02\/bac-acier-anti-condensation-6m_1.jpg&#8221; _builder_version=&#8221;4.9.0&#8243; _module_preset=&#8221;default&#8221; title_text=&#8221;anti-condensation&#8221; box_shadow_style=&#8221;preset2&#8243; hover_enabled=&#8221;0&#8243; sticky_enabled=&#8221;0&#8243; custom_margin=&#8221;22px|||||&#8221;][\/et_pb_image][\/et_pb_column][\/et_pb_row][et_pb_row _builder_version=&#8221;4.9.0&#8243; _module_preset=&#8221;default&#8221; column_structure=&#8221;1_2,1_2&#8243;][et_pb_column _builder_version=&#8221;4.9.0&#8243; _module_preset=&#8221;default&#8221; type=&#8221;1_2&#8243;][et_pb_text _builder_version=&#8221;4.9.0&#8243; _module_preset=&#8221;default&#8221; header_2_font=&#8221;Roboto||||||||&#8221; header_2_text_color=&#8221;#1c65af&#8221; text_font=&#8221;Poppins|300|||||||&#8221; hover_enabled=&#8221;0&#8243; sticky_enabled=&#8221;0&#8243;]<\/p>\n<h2>Flocage Fibreux<\/h2>\n<p>Le Flocage fibreux des produits \u00e0 base de laine de laitier se r\u00e9alise par projection pneumatique. Nous effectuons pr\u00e9alablement \u00e0 la projection de laine une pr\u00e9paration des supports consistant \u00e0 nettoyer, d\u00e9graisser et d\u00e9poussi\u00e9rer les supports. Ensuite \u00e0 l\u2019aide d\u2019une pompe ou d\u2019un rouleau \u00e0 colle, nous appliquons le primaire d\u2019accroche qui assurera la bonne tenue du flocage anti condensation. Une fois projet\u00e9, le flocage sera \u00e9cras\u00e9 de diff\u00e9rentes mani\u00e8res suivant les types de supports. Sa couleur finale est dans les tons gris souris clairs.[\/et_pb_text][\/et_pb_column][et_pb_column _builder_version=&#8221;4.9.0&#8243; _module_preset=&#8221;default&#8221; type=&#8221;1_2&#8243;][et_pb_text _builder_version=&#8221;4.9.0&#8243; _module_preset=&#8221;default&#8221; header_2_font=&#8221;Roboto||||||||&#8221; header_2_text_color=&#8221;#1c65af&#8221; text_font=&#8221;Poppins|300|||||||&#8221; hover_enabled=&#8221;0&#8243; sticky_enabled=&#8221;0&#8243;]<\/p>\n<h2>Domaines d\u2019Applications<\/h2>\n<ul>\n<li>Structures porteuses en acier, stabilit\u00e9 au feu sur charpente m\u00e9tallique<\/li>\n<li>Planchers b\u00e9tons et hourdis, flocage coupe-feu de 1\/2h \u00e0 6 heures<\/li>\n<li>Planchers bois, protection coupe-feu par flocage d\u2019isolant incendie permettant une protection coupe-feu \u00bd heure \u00e0 3 heures<\/li>\n<li>Planchers mixtes avec pl\u00e2tres, lattis-bois etc, flocage coupe-feu jusqu\u2019\u00e0 3 heures<\/li>\n<li>Bac acier collaborant, projection d\u2019enduits ou laine par flocage coupe-feu jusqu\u00e0 3 heures<\/li>\n<li>Bardages m\u00e9tallique (aciers mixte en m\u00e9tal), coupe-feu 2 heures et 3 Heures<\/li>\n<li>Sous toiture, coupe-feu et pare flamme jusqu\u2019\u00e0 3 heures<\/li>\n<li>Planchers en brique rouge (c\u00e9ramique)<\/li>\n<\/ul>\n<p>[\/et_pb_text][\/et_pb_column][\/et_pb_row][\/et_pb_section]<\/p>\n","protected":false},"excerpt":{"rendered":"<p>[et_pb_section fb_built=&#8221;1&#8243; _builder_version=&#8221;4.9.0&#8243; _module_preset=&#8221;default&#8221; custom_padding=&#8221;27px||0px|||&#8221;][et_pb_row _builder_version=&#8221;4.9.0&#8243; _module_preset=&#8221;default&#8221; column_structure=&#8221;1_2,1_2&#8243; custom_padding=&#8221;1px|||||&#8221;][et_pb_column _builder_version=&#8221;4.9.0&#8243; _module_preset=&#8221;default&#8221; type=&#8221;1_2&#8243;][et_pb_text _builder_version=&#8221;4.9.0&#8243; _module_preset=&#8221;default&#8221; header_2_font=&#8221;Roboto||||||||&#8221; header_2_text_color=&#8221;#1c65af&#8221; text_font=&#8221;Poppins|300|||||||&#8221; hover_enabled=&#8221;0&#8243; sticky_enabled=&#8221;0&#8243; custom_margin=&#8221;77px|||||&#8221;] Flocage Anti-Condensation La condensation est le nom donn\u00e9 au ph\u00e9nom\u00e8ne physique de changement d\u2019\u00e9tat de la mati\u00e8re d\u2019un \u00e9tat gazeux \u00e0 un \u00e9tat condens\u00e9 (solide ou liquide). Souvent des signes d\u2019humidit\u00e9 apparaissent sur certains murs [&hellip;]<\/p>\n","protected":false},"author":1,"featured_media":0,"parent":0,"menu_order":0,"comment_status":"closed","ping_status":"closed","template":"","meta":{"_et_pb_use_builder":"on","_et_pb_old_content":"","_et_gb_content_width":"","spay_email":""},"_links":{"self":[{"href":"https:\/\/dataflocage.com\/index.php\/wp-json\/wp\/v2\/pages\/234"}],"collection":[{"href":"https:\/\/dataflocage.com\/index.php\/wp-json\/wp\/v2\/pages"}],"about":[{"href":"https:\/\/dataflocage.com\/index.php\/wp-json\/wp\/v2\/types\/page"}],"author":[{"embeddable":true,"href":"https:\/\/dataflocage.com\/index.php\/wp-json\/wp\/v2\/users\/1"}],"replies":[{"embeddable":true,"href":"https:\/\/dataflocage.com\/index.php\/wp-json\/wp\/v2\/comments?post=234"}],"version-history":[{"count":3,"href":"https:\/\/dataflocage.com\/index.php\/wp-json\/wp\/v2\/pages\/234\/revisions"}],"predecessor-version":[{"id":239,"href":"https:\/\/dataflocage.com\/index.php\/wp-json\/wp\/v2\/pages\/234\/revisions\/239"}],"wp:attachment":[{"href":"https:\/\/dataflocage.com\/index.php\/wp-json\/wp\/v2\/media?parent=234"}],"curies":[{"name":"wp","href":"https:\/\/api.w.org\/{rel}","templated":true}]}}