{"id":216,"date":"2021-02-25T13:48:41","date_gmt":"2021-02-25T12:48:41","guid":{"rendered":"https:\/\/dataflocage.com\/?page_id=216"},"modified":"2021-02-25T13:48:48","modified_gmt":"2021-02-25T12:48:48","slug":"correction-et-isolation-acoustique","status":"publish","type":"page","link":"https:\/\/dataflocage.com\/index.php\/correction-et-isolation-acoustique\/","title":{"rendered":"Correction Et Isolation Acoustique"},"content":{"rendered":"<p>[et_pb_section fb_built=&#8221;1&#8243; _builder_version=&#8221;4.9.0&#8243; _module_preset=&#8221;default&#8221; custom_padding=&#8221;26px||0px|||&#8221;][et_pb_row _builder_version=&#8221;4.9.0&#8243; _module_preset=&#8221;default&#8221; column_structure=&#8221;1_2,1_2&#8243;][et_pb_column _builder_version=&#8221;4.9.0&#8243; _module_preset=&#8221;default&#8221; type=&#8221;1_2&#8243;][et_pb_text _builder_version=&#8221;4.9.0&#8243; _module_preset=&#8221;default&#8221; header_2_font=&#8221;Roboto||||||||&#8221; header_2_text_color=&#8221;#1c65af&#8221; hover_enabled=&#8221;0&#8243; sticky_enabled=&#8221;0&#8243; text_font=&#8221;Poppins|300|||||||&#8221; custom_margin=&#8221;||11px|||&#8221;]<\/p>\n<h2>Correction Et Isolation Acoustique<\/h2>\n<p>L\u2019isolation phonique, ou isolation acoustique, vise \u00e0 \u00e9viter la propagation du bruit.<br \/> Dans un milieu compressible, le plus souvent dans l\u2019air, le son se propage sous forme d\u2019une variation de pression cr\u00e9\u00e9e par la source sonore. Seule la compression se d\u00e9place et non les mol\u00e9cules d\u2019air, si ce n\u2019est de quelques microm\u00e8tres. Le son se propage \u00e9galement dans les solides sous forme de vibrations des atomes appel\u00e9es phonons. L\u00e0 encore, seule la vibration se propage, et non les atomes qui ne font que vibrer tr\u00e8s faiblement autour de leur position d\u2019\u00e9quilibre.<\/p>\n<p>[\/et_pb_text][et_pb_toggle title=&#8221;SAVOIR PLUS&#8221; _builder_version=&#8221;4.9.0&#8243; _module_preset=&#8221;default&#8221; icon_color=&#8221;#1c65af&#8221; title_font=&#8221;Poppins||||||||&#8221; closed_title_font=&#8221;Poppins||||||||&#8221; body_font=&#8221;Poppins|300|||||||&#8221; hover_enabled=&#8221;0&#8243; sticky_enabled=&#8221;0&#8243;]<\/p>\n<p>Tout b\u00e2timent et infrastructure ou activit\u00e9 \u00ab peut \u00eatre tour \u00e0 tour \u00ab agress\u00e9 \u00bb ou \u00ab agresseur \u00bb sur le plan acoustique ; il est donc primordial de bien analyser l\u2019environnement sonore autour de la parcelle, la proximit\u00e9 du voisinage et les g\u00eanes acoustiques que pourrait g\u00e9n\u00e9rer l\u2019exploitation du b\u00e2timent que l\u2019on a \u00e0 construire au regard de la destination de celui-ci \u00bb. L\u2019isolation peut \u00eatre int\u00e9rieure ou ext\u00e9rieure. Certains mat\u00e9riaux (buttes de terre v\u00e9g\u00e9talis\u00e9e, terrasses v\u00e9g\u00e9talis\u00e9es) peuvent aussi dans une certaine mesure absorber le bruit ainsi ne pas le r\u00e9verb\u00e9rer.<br \/> Dans le respect parfait des r\u00e8gles de mise en \u0153uvres, le flocage acoustique vous apportera un confort gr\u00e2ce \u00e0 une r\u00e9verb\u00e9ration du bruit r\u00e9duite. Les produits permettant d\u2019obtenir ce type de r\u00e9sultats sont des enduits p\u00e2teux de type SONOPHONE ou bien Protec Acoustique. La Protection acoustique peux \u00e9galement s\u2019associ\u00e9 \u00e0 une protection Coupe feu et Thermique.<br \/> Dans le b\u00e2timent (neuf ou en r\u00e9habilitation), de m\u00eame que le thermicien doit \u00e9viter les fuites et ponts thermiques quand il travaille \u00e0 l\u2019isolation thermique, l\u2019acousticien doit prendre en compte des effets de conduction et\/ou r\u00e9verb\u00e9ration des ondes sonores, l\u2019effet de mauvaise jonctions entre parois et parfois les effets sonores induits par l\u2019inclusion des r\u00e9seaux de fluides (cf. dilatation, bulles, etc.) et de gaines dans le b\u00e2ti et l\u2019espace int\u00e9rieur ou ext\u00e9rieur.<\/p>\n<p>[\/et_pb_toggle][\/et_pb_column][et_pb_column _builder_version=&#8221;4.9.0&#8243; _module_preset=&#8221;default&#8221; type=&#8221;1_2&#8243;][et_pb_image src=&#8221;https:\/\/dataflocage.com\/wp-content\/uploads\/2021\/02\/a3cd0913718c.jpg&#8221; _builder_version=&#8221;4.9.0&#8243; _module_preset=&#8221;default&#8221; title_text=&#8221;Correction Et Isolation Acoustique&#8221; box_shadow_style=&#8221;preset2&#8243; hover_enabled=&#8221;0&#8243; sticky_enabled=&#8221;0&#8243;][\/et_pb_image][\/et_pb_column][\/et_pb_row][et_pb_row _builder_version=&#8221;4.9.0&#8243; _module_preset=&#8221;default&#8221; column_structure=&#8221;1_2,1_2&#8243; custom_padding=&#8221;7px||0px|||&#8221;][et_pb_column _builder_version=&#8221;4.9.0&#8243; _module_preset=&#8221;default&#8221; type=&#8221;1_2&#8243;][et_pb_text _builder_version=&#8221;4.9.0&#8243; _module_preset=&#8221;default&#8221; header_2_font=&#8221;Roboto||||||||&#8221; header_2_text_color=&#8221;#1c65af&#8221; hover_enabled=&#8221;0&#8243; sticky_enabled=&#8221;0&#8243; text_font=&#8221;Poppins|300|||||||&#8221; custom_margin=&#8221;||11px|||&#8221;]<\/p>\n<h2>Flocage Fibreux<\/h2>\n<p>Dans cette configuration nous posons d\u2019abord un treillis d\u2019accroche m\u00e9tallique de type nergalto. Le treillis devra \u00eatre fix\u00e9 m\u00e9caniquement sur une ossature bois ou un rail lui-m\u00eame spitt\u00e9 sur les solives. Le Flocage fibreux des produits tels que le Protec Acoustique et autres \u00e9quivalents se r\u00e9alise par projection pneumatique. Une fois projet\u00e9, le flocage sera \u00e9cras\u00e9 de diff\u00e9rentes mani\u00e8res suivant les types de supports. Sa couleur finale est dans les tons gris souris clairs[\/et_pb_text][\/et_pb_column][et_pb_column _builder_version=&#8221;4.9.0&#8243; _module_preset=&#8221;default&#8221; type=&#8221;1_2&#8243;][et_pb_text _builder_version=&#8221;4.9.0&#8243; _module_preset=&#8221;default&#8221; header_2_font=&#8221;Roboto||||||||&#8221; header_2_text_color=&#8221;#1c65af&#8221; hover_enabled=&#8221;0&#8243; sticky_enabled=&#8221;0&#8243; text_font=&#8221;Poppins|300|||||||&#8221; custom_margin=&#8221;||11px|||&#8221;]<\/p>\n<h2>Flocage P\u00e2teux<\/h2>\n<p>Le Flocage p\u00e2teux des produits tels que le MK6, le Promaspray P300, le Dossalack 250 ou 350P et autres \u00e9quivalents se r\u00e9alise par projection \u00e0 l\u2019aide de machine \u00e0 pl\u00e2tre. Nous effectuons pr\u00e9alablement \u00e0 la projection d\u2019enduits p\u00e2teux une pr\u00e9paration des supports consistant \u00e0 nettoyer, d\u00e9graisser et d\u00e9poussi\u00e9rer les supports. Ensuite \u00e0 l\u2019aide d\u2019une pompe ou d\u2019un rouleau \u00e0 colle, nous appliquons le primaire d\u2019accroche qui assurera la bonne tenue du flocage coupe-feu et stable feu. Une fois le flocage P\u00e2teux projet\u00e9, celui-ci garde le plus souvent une finition brute de projection. Sa couleur finale varie selon les produits entre le gris clair et le blanc cass\u00e9.<\/p>\n<p>[\/et_pb_text][\/et_pb_column][\/et_pb_row][et_pb_row _builder_version=&#8221;4.9.0&#8243; _module_preset=&#8221;default&#8221; custom_margin=&#8221;-10px|auto||auto||&#8221; custom_padding=&#8221;3px|||||&#8221;][et_pb_column _builder_version=&#8221;4.9.0&#8243; _module_preset=&#8221;default&#8221; type=&#8221;4_4&#8243;][et_pb_text _builder_version=&#8221;4.9.0&#8243; _module_preset=&#8221;default&#8221; header_2_font=&#8221;Roboto||||||||&#8221; header_2_text_color=&#8221;#1c65af&#8221; hover_enabled=&#8221;0&#8243; sticky_enabled=&#8221;0&#8243; text_font=&#8221;Poppins|300|||||||&#8221; custom_margin=&#8221;-26px||11px|||&#8221;]<\/p>\n<h2>Domaines d\u2019Applications<\/h2>\n<p>\u2022\tStructures porteuses en acier<br \/>\n\u2022\tPlanchers b\u00e9tons et hourdis<br \/>\n\u2022\tPlanchers bois<br \/>\n\u2022\tPlanchers mixtes avec pl\u00e2tres, lattis-bois<br \/>\n\u2022\tBac acier collaborant<br \/>\n\u2022\tBardages m\u00e9tallique (aciers mixte en m\u00e9tal)<br \/>\n\u2022\tSous toiture, coupe-feu et pare flamme<br \/>\n\u2022\tPlanchers en brique rouge (c\u00e9ramique)<br \/>\n\u2022\tLes cavit\u00e9s creuses<br \/>\n\u2022\tLes salles de cin\u00e9ma<br \/>\n\u2022\tLes m\u00e9diath\u00e8ques<br \/>\n\u2022\tLes auditoriums<br \/>\n\u2022\tLes studios d\u2019enregistrement[\/et_pb_text][\/et_pb_column][\/et_pb_row][\/et_pb_section]<\/p>\n","protected":false},"excerpt":{"rendered":"<p>[et_pb_section fb_built=&#8221;1&#8243; _builder_version=&#8221;4.9.0&#8243; _module_preset=&#8221;default&#8221; custom_padding=&#8221;26px||0px|||&#8221;][et_pb_row _builder_version=&#8221;4.9.0&#8243; _module_preset=&#8221;default&#8221; column_structure=&#8221;1_2,1_2&#8243;][et_pb_column _builder_version=&#8221;4.9.0&#8243; _module_preset=&#8221;default&#8221; type=&#8221;1_2&#8243;][et_pb_text _builder_version=&#8221;4.9.0&#8243; _module_preset=&#8221;default&#8221; header_2_font=&#8221;Roboto||||||||&#8221; header_2_text_color=&#8221;#1c65af&#8221; hover_enabled=&#8221;0&#8243; sticky_enabled=&#8221;0&#8243; text_font=&#8221;Poppins|300|||||||&#8221; custom_margin=&#8221;||11px|||&#8221;] Correction Et Isolation Acoustique L\u2019isolation phonique, ou isolation acoustique, vise \u00e0 \u00e9viter la propagation du bruit. Dans un milieu compressible, le plus souvent dans l\u2019air, le son se propage sous forme d\u2019une variation de pression cr\u00e9\u00e9e [&hellip;]<\/p>\n","protected":false},"author":1,"featured_media":0,"parent":0,"menu_order":0,"comment_status":"closed","ping_status":"closed","template":"","meta":{"_et_pb_use_builder":"on","_et_pb_old_content":"","_et_gb_content_width":"","spay_email":""},"_links":{"self":[{"href":"https:\/\/dataflocage.com\/index.php\/wp-json\/wp\/v2\/pages\/216"}],"collection":[{"href":"https:\/\/dataflocage.com\/index.php\/wp-json\/wp\/v2\/pages"}],"about":[{"href":"https:\/\/dataflocage.com\/index.php\/wp-json\/wp\/v2\/types\/page"}],"author":[{"embeddable":true,"href":"https:\/\/dataflocage.com\/index.php\/wp-json\/wp\/v2\/users\/1"}],"replies":[{"embeddable":true,"href":"https:\/\/dataflocage.com\/index.php\/wp-json\/wp\/v2\/comments?post=216"}],"version-history":[{"count":2,"href":"https:\/\/dataflocage.com\/index.php\/wp-json\/wp\/v2\/pages\/216\/revisions"}],"predecessor-version":[{"id":220,"href":"https:\/\/dataflocage.com\/index.php\/wp-json\/wp\/v2\/pages\/216\/revisions\/220"}],"wp:attachment":[{"href":"https:\/\/dataflocage.com\/index.php\/wp-json\/wp\/v2\/media?parent=216"}],"curies":[{"name":"wp","href":"https:\/\/api.w.org\/{rel}","templated":true}]}}