{"id":197,"date":"2021-02-25T12:16:47","date_gmt":"2021-02-25T11:16:47","guid":{"rendered":"https:\/\/dataflocage.com\/?page_id=197"},"modified":"2021-02-25T13:37:03","modified_gmt":"2021-02-25T12:37:03","slug":"isolation-thermique","status":"publish","type":"page","link":"https:\/\/dataflocage.com\/index.php\/isolation-thermique\/","title":{"rendered":"Isolation Thermique"},"content":{"rendered":"<p>[et_pb_section fb_built=&#8221;1&#8243; _builder_version=&#8221;4.9.0&#8243; _module_preset=&#8221;default&#8221;][et_pb_row _builder_version=&#8221;4.9.0&#8243; _module_preset=&#8221;default&#8221; column_structure=&#8221;1_2,1_2&#8243;][et_pb_column _builder_version=&#8221;4.9.0&#8243; _module_preset=&#8221;default&#8221; type=&#8221;1_2&#8243;][et_pb_text _builder_version=&#8221;4.9.0&#8243; _module_preset=&#8221;default&#8221; header_2_font=&#8221;Roboto||||||||&#8221; header_2_text_color=&#8221;#1c65af&#8221; text_font=&#8221;Poppins|300|||||||&#8221; hover_enabled=&#8221;0&#8243; sticky_enabled=&#8221;0&#8243; custom_margin=&#8221;63px|||||&#8221;]<\/p>\n<h2>Isolation Thermique<\/h2>\n<p>La protection thermique, dans le domaine du b\u00e2timent, comme dans tout autre domaine, est l\u2019ensemble des dispositifs utilis\u00e9s pour \u00e9viter qu\u2019un corps soit soumis \u00e0 des variations excessives de temp\u00e9rature. La protection thermique peut \u00eatre active ou passive par flocage. L\u2019isolation thermique d\u00e9signe l\u2019ensemble des techniques mises en \u0153uvre pour limiter les transferts de chaleur entre un milieu chaud et un milieu froid.<\/p>\n<p>[\/et_pb_text][et_pb_toggle title=&#8221;Savoir plus&#8221; _builder_version=&#8221;4.9.0&#8243; _module_preset=&#8221;default&#8221; hover_enabled=&#8221;0&#8243; sticky_enabled=&#8221;0&#8243; icon_color=&#8221;#1c65af&#8221; open_toggle_text_color=&#8221;#000000&#8243; title_text_color=&#8221;#555555&#8243;]<\/p>\n<p>Le but de l\u2019isolation thermique est donc de diminuer les \u00e9changes de chaleur entre un corps froid et un corps chaud. Elle peut avoir pour but de garder la chaleur pr\u00e9sente dans un volume comme pour une maison, elle peut aussi avoir pour but de garder le froid dans un volume comme pour un r\u00e9frig\u00e9rateur. Cela passe par l\u2019interposition d\u2019un syst\u00e8me d\u00e9di\u00e9 entre le milieu chaud et le milieu froid. Il s\u2019agit le plus souvent de mat\u00e9riaux choisis \u00e0 cet effet g\u00e9n\u00e9ralement appel\u00e9s isolants thermiques. Il peut aussi s\u2019agir de flux d\u2019air entre ces deux milieux.<br \/>\nL\u2019isolation d\u2019un b\u00e2timent permet de diminuer les \u00e9changes de chaleur entre l\u2019int\u00e9rieur du b\u00e2timent et l\u2019environnement ext\u00e9rieur, et ainsi diminuer les besoins de chauffage et, le cas \u00e9ch\u00e9ant, de climatisation. Cette isolation doit \u00eatre pens\u00e9e en fonction des contraintes climatiques du lieu dans lequel se situe le b\u00e2timent. L\u2019isolation thermique est le principe de base de la maison passive. Elle emprisonne la chaleur \u00e0 l\u2019int\u00e9rieur en hiver et garde la maison fra\u00eeche en \u00e9t\u00e9. Une meilleure isolation r\u00e9duit la consommation; or une r\u00e9duction de la consommation \u00e9lectrique implique une r\u00e9duction des \u00e9missions de GES (gaz \u00e0 effet de serre), il s\u2019agit donc d\u2019un bon d\u00e9but dans la lutte contre le r\u00e9chauffement climatique.<br \/>\nLa lutte contre le gaspillage d\u2019\u00e9nergie passe par l\u2019isolation thermique des b\u00e2timents chauff\u00e9s. En France, et dans de nombreux pays, elle fait l\u2019objet de r\u00e9glementations. En France, l\u2019isolation des nouveaux logements est obligatoire mais c\u2019est aussi un moyen efficace de r\u00e9duire les d\u00e9penses de chauffage et de climatisation tout en am\u00e9liorant le confort. Elle est encourag\u00e9e par les pouvoirs publics, par exemple par le programme Isolto (R\u00e9gion Nord-Pas-de-Calais). La RT2012 impose d\u00e9sormais \u00e0 la construction ou \u00e0 la r\u00e9novation d\u2019avoir des indices d\u2019isolations et d\u2019\u00e9tanch\u00e9it\u00e9 \u00e9lev\u00e9s et d\u2019humidit\u00e9 basses. Ces indices varient selon la r\u00e9gion (climat, hauteur). Des indices comme le diagnostic performance thermique (DPE), qui doit \u00eatre inf\u00e9rieur \u00e0 50, ont \u00e9t\u00e9 cr\u00e9\u00e9 pour classer l\u2019isolation des b\u00e2timents en cat\u00e9gories. La RT207 pr\u00e9voit un indice DPE \u00e0 la construction en dessous de z\u00e9ro, les b\u00e2timents nouveaux devront \u00eatre.\n<\/p>\n<p>[\/et_pb_toggle][\/et_pb_column][et_pb_column _builder_version=&#8221;4.9.0&#8243; _module_preset=&#8221;default&#8221; type=&#8221;1_2&#8243;][et_pb_image src=&#8221;https:\/\/dataflocage.com\/wp-content\/uploads\/2021\/02\/bb9c0eb1fe98.jpg&#8221; _builder_version=&#8221;4.9.0&#8243; _module_preset=&#8221;default&#8221; title_text=&#8221;ISOLATION THERMIQUE&#8221; box_shadow_style=&#8221;preset1&#8243; hover_enabled=&#8221;0&#8243; sticky_enabled=&#8221;0&#8243;][\/et_pb_image][\/et_pb_column][\/et_pb_row][et_pb_row _builder_version=&#8221;4.9.0&#8243; _module_preset=&#8221;default&#8221; column_structure=&#8221;1_2,1_2&#8243;][et_pb_column _builder_version=&#8221;4.9.0&#8243; _module_preset=&#8221;default&#8221; type=&#8221;1_2&#8243;][et_pb_text _builder_version=&#8221;4.9.0&#8243; _module_preset=&#8221;default&#8221; header_2_font=&#8221;Roboto||||||||&#8221; header_2_text_color=&#8221;#1c65af&#8221; text_font=&#8221;Poppins|300|||||||&#8221; hover_enabled=&#8221;0&#8243; sticky_enabled=&#8221;0&#8243; custom_margin=&#8221;26px|||||&#8221;]<\/p>\n<h2>Flocage Fibreux<\/h2>\n<p>Le Flocage fibreux des produits tels que le PROTEC THERMIQUE\u2019S, PROMASPRAY T, DOSSOLAN THERMIQUE, ISOTHERM et autres \u00e9quivalents se r\u00e9alise par projection pneumatique. Nous effectuons pr\u00e9alablement \u00e0 la projection de laine une pr\u00e9paration des supports consistant \u00e0 nettoyer, d\u00e9graisser et d\u00e9poussi\u00e9rer les supports. Ensuite \u00e0 l\u2019aide d\u2019une pompe ou d\u2019un rouleau \u00e0 colle, nous appliquons le primaire d\u2019accroche qui assurera la bonne tenue du flocage coupe-feu et stable feu. Une fois projet\u00e9, le flocage sera \u00e9cras\u00e9 de diff\u00e9rentes mani\u00e8res suivant les types de supports. Sa couleur finale est dans les tons gris souris clairs. Disposition particuli\u00e8re, en cas de support peint, nergalto est obligatoire.<\/p>\n<p>[\/et_pb_text][\/et_pb_column][et_pb_column _builder_version=&#8221;4.9.0&#8243; _module_preset=&#8221;default&#8221; type=&#8221;1_2&#8243;][et_pb_text _builder_version=&#8221;4.9.0&#8243; _module_preset=&#8221;default&#8221; header_2_font=&#8221;Roboto||||||||&#8221; header_2_text_color=&#8221;#1c65af&#8221; text_font=&#8221;Poppins|300|||||||&#8221; hover_enabled=&#8221;0&#8243; sticky_enabled=&#8221;0&#8243; custom_margin=&#8221;26px|||||&#8221;]<\/p>\n<h2>Panneaux Isolants<\/h2>\n<p>Les panneaux isolants tels que le FIBRASTYRENE, le FIBRALITTE et autres \u00e9quivalents se fixent par chevilles m\u00e9caniques.<\/p>\n<p>[\/et_pb_text][\/et_pb_column][\/et_pb_row][et_pb_row _builder_version=&#8221;4.9.0&#8243; _module_preset=&#8221;default&#8221; custom_padding=&#8221;2px|||||&#8221;][et_pb_column _builder_version=&#8221;4.9.0&#8243; _module_preset=&#8221;default&#8221; type=&#8221;4_4&#8243;][et_pb_text _builder_version=&#8221;4.9.0&#8243; _module_preset=&#8221;default&#8221; header_2_font=&#8221;Roboto||||||||&#8221; header_2_text_color=&#8221;#1c65af&#8221; text_font=&#8221;Poppins|300|||||||&#8221; hover_enabled=&#8221;0&#8243; sticky_enabled=&#8221;0&#8243; custom_margin=&#8221;-1px|||||&#8221;]<\/p>\n<h2>Domaines d\u2019Applications<\/h2>\n<p>\u2022 Structures porteuses en acier, isolement thermique<br \/> \u2022 Planchers b\u00e9tons et hourdis, flocage coupe feu et thermique<br \/> \u2022 Planchers bois, protection coupe-feu par flocage d\u2019isolant incendie permettant une protection coupe-feu \u00bd heure \u00e0 3 heures et thermique<br \/> \u2022 Planchers mixtes avec pl\u00e2tres, lattis-bois etc, flocage coupe-feu jusqu\u2019\u00e0 3 heures et thermique<br \/> \u2022 Bac acier collaborant, projection d\u2019enduits ou laine par flocage coupe-feu jusqu\u00e0 3 heures et thermique<br \/> \u2022 Bardages m\u00e9tallique (aciers mixte en m\u00e9tal), coupe-feu 2 heures et 3 Heures et thermique<br \/> \u2022 Sous toiture, coupe-feu et pare flamme jusqu\u2019\u00e0 3 heures et thermique<br \/> \u2022 Planchers en brique rouge (c\u00e9ramique)<\/p>\n<p>[\/et_pb_text][\/et_pb_column][\/et_pb_row][\/et_pb_section]<\/p>\n","protected":false},"excerpt":{"rendered":"<p>[et_pb_section fb_built=&#8221;1&#8243; _builder_version=&#8221;4.9.0&#8243; _module_preset=&#8221;default&#8221;][et_pb_row _builder_version=&#8221;4.9.0&#8243; _module_preset=&#8221;default&#8221; column_structure=&#8221;1_2,1_2&#8243;][et_pb_column _builder_version=&#8221;4.9.0&#8243; _module_preset=&#8221;default&#8221; type=&#8221;1_2&#8243;][et_pb_text _builder_version=&#8221;4.9.0&#8243; _module_preset=&#8221;default&#8221; header_2_font=&#8221;Roboto||||||||&#8221; header_2_text_color=&#8221;#1c65af&#8221; text_font=&#8221;Poppins|300|||||||&#8221; hover_enabled=&#8221;0&#8243; sticky_enabled=&#8221;0&#8243; custom_margin=&#8221;63px|||||&#8221;] Isolation Thermique La protection thermique, dans le domaine du b\u00e2timent, comme dans tout autre domaine, est l\u2019ensemble des dispositifs utilis\u00e9s pour \u00e9viter qu\u2019un corps soit soumis \u00e0 des variations excessives de temp\u00e9rature. La protection thermique peut \u00eatre [&hellip;]<\/p>\n","protected":false},"author":1,"featured_media":0,"parent":0,"menu_order":0,"comment_status":"closed","ping_status":"closed","template":"","meta":{"_et_pb_use_builder":"on","_et_pb_old_content":"","_et_gb_content_width":"","spay_email":""},"_links":{"self":[{"href":"https:\/\/dataflocage.com\/index.php\/wp-json\/wp\/v2\/pages\/197"}],"collection":[{"href":"https:\/\/dataflocage.com\/index.php\/wp-json\/wp\/v2\/pages"}],"about":[{"href":"https:\/\/dataflocage.com\/index.php\/wp-json\/wp\/v2\/types\/page"}],"author":[{"embeddable":true,"href":"https:\/\/dataflocage.com\/index.php\/wp-json\/wp\/v2\/users\/1"}],"replies":[{"embeddable":true,"href":"https:\/\/dataflocage.com\/index.php\/wp-json\/wp\/v2\/comments?post=197"}],"version-history":[{"count":8,"href":"https:\/\/dataflocage.com\/index.php\/wp-json\/wp\/v2\/pages\/197\/revisions"}],"predecessor-version":[{"id":214,"href":"https:\/\/dataflocage.com\/index.php\/wp-json\/wp\/v2\/pages\/197\/revisions\/214"}],"wp:attachment":[{"href":"https:\/\/dataflocage.com\/index.php\/wp-json\/wp\/v2\/media?parent=197"}],"curies":[{"name":"wp","href":"https:\/\/api.w.org\/{rel}","templated":true}]}}