{"id":186,"date":"2021-02-25T11:23:47","date_gmt":"2021-02-25T10:23:47","guid":{"rendered":"https:\/\/dataflocage.com\/?page_id=186"},"modified":"2021-02-25T14:44:02","modified_gmt":"2021-02-25T13:44:02","slug":"flocage-coupe-feu-stable-au-feu-pare-flamme","status":"publish","type":"page","link":"https:\/\/dataflocage.com\/index.php\/flocage-coupe-feu-stable-au-feu-pare-flamme\/","title":{"rendered":"Flocage Coupe-Feu | Stable Au Feu | Pare Flamme"},"content":{"rendered":"<p>[et_pb_section fb_built=&#8221;1&#8243; _builder_version=&#8221;4.9.0&#8243; _module_preset=&#8221;default&#8221;][et_pb_row column_structure=&#8221;1_2,1_2&#8243; _builder_version=&#8221;4.9.0&#8243; _module_preset=&#8221;default&#8221;][et_pb_column type=&#8221;1_2&#8243; _builder_version=&#8221;4.9.0&#8243; _module_preset=&#8221;default&#8221;][et_pb_text _builder_version=&#8221;4.9.0&#8243; _module_preset=&#8221;default&#8221; header_font=&#8221;Roboto||||||||&#8221; header_text_color=&#8221;#555555&#8243; header_font_size=&#8221;22px&#8221; custom_margin=&#8221;||58px|||&#8221; custom_padding=&#8221;0px|||||&#8221;]<\/p>\n<h1>Flocage Coupe-Feu | Stable Au Feu | Pare Flamme<\/h1>\n<p>[\/et_pb_text][et_pb_text _builder_version=&#8221;4.9.0&#8243; _module_preset=&#8221;default&#8221; text_font=&#8221;Poppins|300|||||||&#8221; header_2_font=&#8221;Roboto||||||||&#8221; header_2_text_color=&#8221;#0C71C3&#8243;]<\/p>\n<h2>Le Flocage Coupe Feu \u00ab classique \u00bb<\/h2>\n<p>Celui-ci apporte une Protection Coupe feu de 30 min \u00e0 6 Heures. Il s\u2019agit d\u2019utiliser les termes traditionnels du BTP, tels que Flocage Coupe Feu sur Plancher b\u00e9ton, Flocage Coupe Feu sur Plancher Bois, Flocage Coupe Feu sur plancher Pl\u00e2tre, Flocage Coupe Feu sur charpente m\u00e9tallique, Flocage Coupe Feu sur Bac Acier, Flocage Coupe Feu sur Bardage, Flocage Coupe feu sur bac collaborant, Flocage Coupe Feu sous Toiture , Il est r\u00e9alis\u00e9 gr\u00e2ce \u00e0 la projection d\u2019enduits Coupe Feu, de laine Coupe Feu ou bien de Mortiers Coupe Feu. En r\u00e8gle g\u00e9n\u00e9rale, selon les normes obligatoires, et pour les mises en conformit\u00e9s, Le Flocage Coupe Feu est n\u00e9cessaire dans les Magasins, Bureaux, Locaux industriels, entrep\u00f4ts de stockage, dans les Etablissements Recevant du Public\u2026<\/p>\n<p>[\/et_pb_text][\/et_pb_column][et_pb_column type=&#8221;1_2&#8243; _builder_version=&#8221;4.9.0&#8243; _module_preset=&#8221;default&#8221;][et_pb_image src=&#8221;https:\/\/dataflocage.com\/wp-content\/uploads\/2021\/02\/flocage-coupe-feu-luxe-flocage-de-bc2a2timents-paris-rouen-dieppe-lanos-christian-of-flocage-coupe-feu.jpg&#8221; title_text=&#8221;flocage-coupe-feu&#8221; _builder_version=&#8221;4.9.0&#8243; _module_preset=&#8221;default&#8221; custom_margin=&#8221;52px|||||&#8221; box_shadow_style=&#8221;preset1&#8243;][\/et_pb_image][\/et_pb_column][\/et_pb_row][et_pb_row column_structure=&#8221;1_2,1_2&#8243; _builder_version=&#8221;4.9.0&#8243; _module_preset=&#8221;default&#8221;][et_pb_column type=&#8221;1_2&#8243; _builder_version=&#8221;4.9.0&#8243; _module_preset=&#8221;default&#8221;][et_pb_image src=&#8221;https:\/\/dataflocage.com\/wp-content\/uploads\/2021\/02\/flocage-projete-fibreux-et-pateux.jpg&#8221; title_text=&#8221;flocage-projete-fibreux-et-pateux&#8221; _builder_version=&#8221;4.9.0&#8243; _module_preset=&#8221;default&#8221; box_shadow_style=&#8221;preset1&#8243;][\/et_pb_image][\/et_pb_column][et_pb_column type=&#8221;1_2&#8243; _builder_version=&#8221;4.9.0&#8243; _module_preset=&#8221;default&#8221;][et_pb_text _builder_version=&#8221;4.9.0&#8243; _module_preset=&#8221;default&#8221; text_font=&#8221;Poppins|300|||||||&#8221; header_2_font=&#8221;Roboto||||||||&#8221; header_2_text_color=&#8221;#0C71C3&#8243; custom_margin=&#8221;64px|||||&#8221;]<\/p>\n<h2>Le Flocage Coupe Feu + Acoustique :<\/h2>\n<p>La protection Acoustique et Coupe Feu par projection d\u2019un flocage permet d\u2019obtenir les m\u00eames caract\u00e9ristiques que le flocage coupe feu classique, et, \u00e0 pour avantage d\u2019apporter un affaiblissement Acoustique et Phonique avec r\u00e9sultats performants. Ce type de flocage Coupe-feu et Acoustique est \u00e9galement utilis\u00e9 dans les commerces, Bars, Pubs, et autres locaux pouvant \u00e9mettre une g\u00e8ne vis \u00e0 vis des voisins. Notre proc\u00e9d\u00e9 s\u2019applique \u00e9galement dans les studios d\u2019enregistrements, ainsi que dans les locaux de machineries industriels.[\/et_pb_text][\/et_pb_column][\/et_pb_row][et_pb_row _builder_version=&#8221;4.9.0&#8243; _module_preset=&#8221;default&#8221; custom_padding=&#8221;5px|||||&#8221;][et_pb_column type=&#8221;4_4&#8243; _builder_version=&#8221;4.9.0&#8243; _module_preset=&#8221;default&#8221;][et_pb_text _builder_version=&#8221;4.9.0&#8243; _module_preset=&#8221;default&#8221; text_font=&#8221;Poppins|300|||||||&#8221; header_2_font=&#8221;Roboto||||||||&#8221; header_2_text_color=&#8221;#0C71C3&#8243; custom_margin=&#8221;1px|||||&#8221;]<\/p>\n<h2>D\u00e9finition de la Protection Incendie Passive: <\/h2>\n<p>La protection dite passive contre l\u2019incendie regroupe l\u2019ensemble des techniques et moyens mat\u00e9riels mis en \u0153uvre pour limiter les effets d\u2019un incendie, une fois ce dernier d\u00e9clar\u00e9.<br \/>\nLa lutte contre l\u2019incendie a plusieurs objectifs comme par exemple d\u2019 \u00e9vacuer dans les d\u00e9lais les plus brefs toutes les personnes expos\u00e9es au risque, favoriser l\u2019acc\u00e8s des moyens d\u2019intervention contre l\u2019incendie, ralentir la propagation des feux, \u00e9teindre l\u2019incendie ou encore s\u00e9curiser la zone incendi\u00e9e.<br \/>\nAlors que la protection active est principalement curative, visant \u00e0 secourir les victimes et \u00e0 \u00e9teindre un feu aussi vite que possible apr\u00e8s sa d\u00e9tection, la protection passive contre l\u2019incendie dans les b\u00e2timents est essentiellement pr\u00e9ventive. Elle repr\u00e9sente l\u2019ensemble des mesures constructives permettant \u00e0 un ouvrage ou une partie d\u2019ouvrage de r\u00e9sister \u00e0 un incendie pendant un temps pr\u00e9d\u00e9termin\u00e9 fix\u00e9 par la r\u00e9glementation de construction en vigueur pour le type de b\u00e2timent concern\u00e9. Ces mesures sont destin\u00e9es \u00e0 stopper la progression des fum\u00e9es, \u00e9viter la propagation des flammes, maintenir la stabilit\u00e9 au feu des \u00e9l\u00e9ments de structure le plus longtemps possible malgr\u00e9 l\u2019action d\u2019un incendie et xontenir les effets thermiques le plus longtemps possible \u00e0 la zone sinistr\u00e9e.<br \/>\nLa principale sp\u00e9cificit\u00e9 de la protection passive est que d\u00e8s le d\u00e9but d\u2019un incendie, elle fonctionne sans aucune intervention humaine ni aucun apport ext\u00e9rieur d\u2019\u00e9nergie. Il s\u2019agit d\u2019une protection durable, l\u2019efficacit\u00e9 de la plupart des produits utilis\u00e9s dans la protection passive n\u2019\u00e9tant pas limit\u00e9e dans le temps.[\/et_pb_text][\/et_pb_column][\/et_pb_row][et_pb_row column_structure=&#8221;1_2,1_2&#8243; _builder_version=&#8221;4.9.0&#8243; _module_preset=&#8221;default&#8221; custom_margin=&#8221;-25px|auto||auto||&#8221;][et_pb_column type=&#8221;1_2&#8243; _builder_version=&#8221;4.9.0&#8243; _module_preset=&#8221;default&#8221;][et_pb_text _builder_version=&#8221;4.9.0&#8243; _module_preset=&#8221;default&#8221; text_font=&#8221;Poppins|300|||||||&#8221; header_2_font=&#8221;Roboto||||||||&#8221; header_2_text_color=&#8221;#0C71C3&#8243; custom_margin=&#8221;0px|||||&#8221;]<\/p>\n<h2>Flocage Fibreux<\/h2>\n<p>Le Flocage fibreux des produits tels que le Protec Flamme, l\u2019Isoflam, le Promaspray F250, le Dossolan 3000 et autres \u00e9quivalents se r\u00e9alise par projection pneumatique. Nous effectuons pr\u00e9alablement \u00e0 la projection de laine une pr\u00e9paration des supports consistant \u00e0 nettoyer, d\u00e9graisser et d\u00e9poussi\u00e9rer les supports. Ensuite \u00e0 l\u2019aide d\u2019une pompe ou d\u2019un rouleau \u00e0 colle, nous appliquons le primaire d\u2019accroche qui assurera la bonne tenue du flocage coupe-feu et stable feu. Une fois projet\u00e9, le flocage sera \u00e9cras\u00e9 de diff\u00e9rentes mani\u00e8res suivant les types de supports. Sa couleur finale est dans les tons gris souris clairs.[\/et_pb_text][\/et_pb_column][et_pb_column type=&#8221;1_2&#8243; _builder_version=&#8221;4.9.0&#8243; _module_preset=&#8221;default&#8221;][et_pb_text _builder_version=&#8221;4.9.0&#8243; _module_preset=&#8221;default&#8221; text_font=&#8221;Poppins|300|||||||&#8221; header_2_font=&#8221;Roboto||||||||&#8221; header_2_text_color=&#8221;#0C71C3&#8243; custom_margin=&#8221;1px|||||&#8221;]<\/p>\n<h2>Flocage P\u00e2teux<\/h2>\n<p>Le Flocage p\u00e2teux des produits tels que le MK6, le Promaspray P300, le Dossalack 250 ou 350P et autres \u00e9quivalents se r\u00e9alise par projection \u00e0 l\u2019aide de machine \u00e0 pl\u00e2tre. Nous effectuons pr\u00e9alablement \u00e0 la projection d\u2019enduits p\u00e2teux une pr\u00e9paration des supports consistant \u00e0 nettoyer, d\u00e9graisser et d\u00e9poussi\u00e9rer les supports. Ensuite \u00e0 l\u2019aide d\u2019une pompe ou d\u2019un rouleau \u00e0 colle, nous appliquons le primaire d\u2019accroche qui assurera la bonne tenue du flocage coupe-feu et stable feu. Une fois le flocage P\u00e2teux projet\u00e9, celui-ci garde le plus souvent une finition brute de projection. Sa couleur finale varie selon les produits entre le gris clair et le blanc cass\u00e9.[\/et_pb_text][\/et_pb_column][\/et_pb_row][et_pb_row _builder_version=&#8221;4.9.0&#8243; _module_preset=&#8221;default&#8221; custom_margin=&#8221;-27px|auto||auto||&#8221;][et_pb_column type=&#8221;4_4&#8243; _builder_version=&#8221;4.9.0&#8243; _module_preset=&#8221;default&#8221;][et_pb_text _builder_version=&#8221;4.9.0&#8243; _module_preset=&#8221;default&#8221; text_font=&#8221;Poppins|300|||||||&#8221; header_2_font=&#8221;Roboto||||||||&#8221; header_2_text_color=&#8221;#0C71C3&#8243; custom_margin=&#8221;0px|||||&#8221; hover_enabled=&#8221;0&#8243; sticky_enabled=&#8221;0&#8243;]<\/p>\n<h2>Domaines d\u2019Applications \/ Niveau de Protection Coupe Feu<\/h2>\n<p>Flocage Coupe Feu des Structures porteuses en acier:<br \/>\n-Stabilit\u00e9 au Feu sur charpente m\u00e9tallique 1\/h \u00e0 3 heures<br \/>\nFlocage Coupe Feu des Planchers b\u00e9tons et hourdis:<br \/>\n-Flocage Coupe Feu de 1\/2h \u00e0 6 heures<br \/>\nFlocage Coupe Feu sur Planchers bois, protection coupe feu par flocage anti incendie permettant:<br \/>\n-Flocage Coupe Feu \u00bd heure \u00e0 3 heures<br \/>\nFlocage Coupe Feu sur Planchers mixtes avec pl\u00e2tres, lattis-bois etc:<br \/>\n-Flocage Coupe Feu de 1\/2 h \u00e0 3 heures<br \/>\nFlocage Coupe Feu sur Bac acier collaborant, projection d\u2019enduits ou laine:<br \/>\n-Flocage Coupe Feu de 1\/2 h \u00e0 3 heures<br \/>\nFlocage Coupe Feu sur Bac acier simple peau, projection d\u2019enduits ou laine:<br \/>\n-Flocage Coupe Feu de 1\/2h \u00e0  3 heures<br \/>\nFlocage Coupe Feu sur Bardages m\u00e9tallique:<br \/>\n-Flocage Coupe Feu 1\/2 heure \u00e0 3 Heures<br \/>\nFlocage Coupe Feu Sous toiture:<br \/>\n-Coupe feu et Pare Flamme de 1\/2 h \u00e0 3 heures<br \/>\nFlocage Coupe Feu sur Planchers en brique rouge (c\u00e9ramique):<br \/>\n-Flocage Coupe Feu de 1\/2 h \u00e0 3 heures[\/et_pb_text][\/et_pb_column][\/et_pb_row][\/et_pb_section]<\/p>\n","protected":false},"excerpt":{"rendered":"<p>[et_pb_section fb_built=&#8221;1&#8243; _builder_version=&#8221;4.9.0&#8243; _module_preset=&#8221;default&#8221;][et_pb_row column_structure=&#8221;1_2,1_2&#8243; _builder_version=&#8221;4.9.0&#8243; _module_preset=&#8221;default&#8221;][et_pb_column type=&#8221;1_2&#8243; _builder_version=&#8221;4.9.0&#8243; _module_preset=&#8221;default&#8221;][et_pb_text _builder_version=&#8221;4.9.0&#8243; _module_preset=&#8221;default&#8221; header_font=&#8221;Roboto||||||||&#8221; header_text_color=&#8221;#555555&#8243; header_font_size=&#8221;22px&#8221; custom_margin=&#8221;||58px|||&#8221; custom_padding=&#8221;0px|||||&#8221;] Flocage Coupe-Feu | Stable Au Feu | Pare Flamme [\/et_pb_text][et_pb_text _builder_version=&#8221;4.9.0&#8243; _module_preset=&#8221;default&#8221; text_font=&#8221;Poppins|300|||||||&#8221; header_2_font=&#8221;Roboto||||||||&#8221; header_2_text_color=&#8221;#0C71C3&#8243;] Le Flocage Coupe Feu \u00ab classique \u00bb Celui-ci apporte une Protection Coupe feu de 30 min \u00e0 6 Heures. Il s\u2019agit d\u2019utiliser les [&hellip;]<\/p>\n","protected":false},"author":1,"featured_media":0,"parent":0,"menu_order":0,"comment_status":"closed","ping_status":"closed","template":"","meta":{"_et_pb_use_builder":"on","_et_pb_old_content":"","_et_gb_content_width":"","spay_email":""},"_links":{"self":[{"href":"https:\/\/dataflocage.com\/index.php\/wp-json\/wp\/v2\/pages\/186"}],"collection":[{"href":"https:\/\/dataflocage.com\/index.php\/wp-json\/wp\/v2\/pages"}],"about":[{"href":"https:\/\/dataflocage.com\/index.php\/wp-json\/wp\/v2\/types\/page"}],"author":[{"embeddable":true,"href":"https:\/\/dataflocage.com\/index.php\/wp-json\/wp\/v2\/users\/1"}],"replies":[{"embeddable":true,"href":"https:\/\/dataflocage.com\/index.php\/wp-json\/wp\/v2\/comments?post=186"}],"version-history":[{"count":6,"href":"https:\/\/dataflocage.com\/index.php\/wp-json\/wp\/v2\/pages\/186\/revisions"}],"predecessor-version":[{"id":231,"href":"https:\/\/dataflocage.com\/index.php\/wp-json\/wp\/v2\/pages\/186\/revisions\/231"}],"wp:attachment":[{"href":"https:\/\/dataflocage.com\/index.php\/wp-json\/wp\/v2\/media?parent=186"}],"curies":[{"name":"wp","href":"https:\/\/api.w.org\/{rel}","templated":true}]}}